{"id":1317,"date":"2022-09-18T09:22:55","date_gmt":"2022-09-18T07:22:55","guid":{"rendered":"https:\/\/lotte-bibliothek.org\/?page_id=1317"},"modified":"2025-05-09T14:47:46","modified_gmt":"2025-05-09T12:47:46","slug":"vernetzungstreffen-selbstorganisierter-bibliotheken","status":"publish","type":"page","link":"https:\/\/lotte-bibliothek.org\/?page_id=1317","title":{"rendered":"Vernetzungstreffen selbstorganisierter Bibliotheken"},"content":{"rendered":"\n<p class=\"has-text-color\" style=\"color:#008fa3\">Die Lotte Bibliothek l\u00e4dt ein:<\/p>\n\n\n\n<p class=\"has-text-color\" style=\"color:#008fa3\">am 18.02.2022 wird in Luzern das Vernetzungstreffen selbstorganisierter Bibliotheken stattfinden. Haltet schon mal das Datum frei \ud83d\ude42<\/p>\n\n\n\n<p class=\"has-text-color\" style=\"color:#008fa3\">Das Treffen soll vor allem eine M\u00f6glichkeit um sich auszutauschen \u00fcber alle Themen rund um die Selbstverwaltung und den Kollektivbetrieb von Bibliotheken, zum Beispiel:<\/p>\n\n\n\n<ul class=\"has-text-color wp-block-list\" style=\"color:#008fa3\">\n<li>Wie organisiert ihr den B\u00fccherbestand?<\/li>\n\n\n\n<li><span class=\"author-a-r9jz75z1gsz87zw8z84z0bwo0 b\">B\u00fccherkatalog &#8211; Online:<\/span><span class=\"author-a-r9jz75z1gsz87zw8z84z0bwo0\"> Programme, Signalisation, Katalogisierung, Tags, Erfahrungen, Tipps und Tricks<\/span><\/li>\n\n\n\n<li>Wie l\u00e4uft das in der Gruppe? Welche Themen sind Dauerbrenner? Was l\u00e4uft super, wo hapert&#8217;s?<\/li>\n\n\n\n<li>Was braucht es f\u00fcr eine Vernetzung? <span class=\"author-a-r9jz75z1gsz87zw8z84z0bwo0\"> M\u00f6glichkeiten, Intensit\u00e4t, Veranstaltungen, B\u00fcchertausch, Erfahrungen, Realit\u00e4ten&#8230;.<\/span><\/li>\n\n\n\n<li>&#8230;..<\/li>\n<\/ul>\n\n\n\n<p class=\"has-text-color\" style=\"color:#008fa3\"><strong>Vorl\u00e4ufiger grober Plan f\u00fcr den Tag:<\/strong><\/p>\n\n\n\n<p class=\"has-text-color\" style=\"color:#008fa3\">Ab 9.00 Ankommen bei Kaffee<br>10.00 &#8211; 13.00 Workshop\/Austausch\/Diskussion<br>13.00 &#8211; 14.30 Zmittag<br>14.30 &#8211; 16.30 Workshop<br>16.30 &#8211; 18.00 Austausch\/Diskussion<br>18.30 Znacht<\/p>\n\n\n\n<p class=\"has-text-color\" style=\"color:#008fa3\">Du hast eine Idee f\u00fcr ein Thema \/ Workshop? Oder m\u00f6chtest selbst etwas gestalten? Dann melde dich gerne bei uns: hallo@lotte-bibliothek.org<\/p>\n\n\n\n<p class=\"has-text-color\" style=\"color:#008fa3\">Falls du einen Schlafplatz ben\u00f6tigst oder es sonstige Anliegen gibt melde dich fr\u00fchzeitig bei uns: hallo@lotte-bibliothek.org<\/p>\n\n\n\n<figure class=\"wp-block-image size-large\"><img loading=\"lazy\" decoding=\"async\" width=\"724\" height=\"1024\" src=\"https:\/\/lotte-bibliothek.org\/wp-content\/uploads\/2022\/10\/LOTTE_VERNETZUNSTREFFEN-724x1024.jpg\" alt=\"\" class=\"wp-image-1326\" srcset=\"https:\/\/lotte-bibliothek.org\/wp-content\/uploads\/2022\/10\/LOTTE_VERNETZUNSTREFFEN-724x1024.jpg 724w, https:\/\/lotte-bibliothek.org\/wp-content\/uploads\/2022\/10\/LOTTE_VERNETZUNSTREFFEN-212x300.jpg 212w, https:\/\/lotte-bibliothek.org\/wp-content\/uploads\/2022\/10\/LOTTE_VERNETZUNSTREFFEN-768x1086.jpg 768w, https:\/\/lotte-bibliothek.org\/wp-content\/uploads\/2022\/10\/LOTTE_VERNETZUNSTREFFEN-1086x1536.jpg 1086w, https:\/\/lotte-bibliothek.org\/wp-content\/uploads\/2022\/10\/LOTTE_VERNETZUNSTREFFEN-1448x2048.jpg 1448w, https:\/\/lotte-bibliothek.org\/wp-content\/uploads\/2022\/10\/LOTTE_VERNETZUNSTREFFEN.jpg 1653w\" sizes=\"auto, (max-width: 724px) 100vw, 724px\" \/><\/figure>\n\n\n\n<h2 class=\"has-text-color wp-block-heading\" style=\"color:#008fa3\">Linking-Up! Meeting of Library Collectives<\/h2>\n\n\n\n<p class=\"has-text-color\" style=\"color:#008fa3\">Lotte-Library invites:<\/p>\n\n\n\n<p class=\"has-text-color\" style=\"color:#008fa3\">at 18.02.2022 we will organize an Linking-up Meeting of selforganized, DIY, collective Libraries in Lucerne. Safe the date!!!<\/p>\n\n\n\n<p class=\"has-text-color\" style=\"color:#008fa3\">The Meeting should be mainly focus on exchange of experiences and ideas around selforganizatioan and collective managing, for example:<\/p>\n\n\n\n<ul class=\"has-text-color wp-block-list\" style=\"color:#008fa3\">\n<li>How do you organise the bookstock?<\/li>\n\n\n\n<li><span class=\"author-a-r9jz75z1gsz87zw8z84z0bwo0 b\">bookcatalogue &#8211; online: programs, signalisation, tags, tips and tricks <\/span><\/li>\n\n\n\n<li>How does thegroup work? Which themes are slow burner? What works good, what bad? <\/li>\n\n\n\n<li>What should be needful for linking-up? possibilities, intensity, events, book exchange, experience, realities&#8230;<\/li>\n<\/ul>\n\n\n\n<p class=\"has-text-color\" style=\"color:#008fa3\"><strong>Temporary Schedule:<\/strong><\/p>\n\n\n\n<p class=\"has-text-color\" style=\"color:#008fa3\">Ab 9.00 Arrive and Coffee<br>10.00 &#8211; 12.00 Workshop\/Exchange\/Discussion<br>12.00 &#8211; 13.30 Lunch<br>13.30 &#8211; 16.30 Workshop<br>16.30 &#8211; 18.00 Exchange\/Discussion<br>18.30 Dinner<\/p>\n\n\n\n<p class=\"has-text-color\" style=\"color:#008fa3\">You have an idea for an workshop? Or you want to perform an workshop? Then please get in contact with us: hallo@lotte-bibliothek.org<\/p>\n\n\n\n<p class=\"has-text-color\" style=\"color:#008fa3\">If you need a place to sleep or you have any other concern please get in contact asap: hallo@lotte-bibliothek.org<\/p>\n","protected":false},"excerpt":{"rendered":"<p>Die Lotte Bibliothek l\u00e4dt ein: am 18.02.2022 wird in Luzern das Vernetzungstreffen selbstorganisierter Bibliotheken stattfinden. Haltet schon mal das Datum frei \ud83d\ude42 Das Treffen soll vor allem eine M\u00f6glichkeit um sich auszutauschen \u00fcber alle Themen rund um die Selbstverwaltung und den Kollektivbetrieb von Bibliotheken, zum Beispiel: Vorl\u00e4ufiger grober Plan f\u00fcr den Tag: Ab 9.00 Ankommen &hellip; <\/p>\n<p class=\"link-more\"><a href=\"https:\/\/lotte-bibliothek.org\/?page_id=1317\" class=\"more-link\"><span class=\"screen-reader-text\">\u201eVernetzungstreffen selbstorganisierter Bibliotheken\u201c <\/span>weiterlesen<\/a><\/p>\n","protected":false},"author":1,"featured_media":0,"parent":813,"menu_order":0,"comment_status":"closed","ping_status":"closed","template":"","meta":{"footnotes":""},"class_list":["post-1317","page","type-page","status-publish","hentry"],"_links":{"self":[{"href":"https:\/\/lotte-bibliothek.org\/index.php?rest_route=\/wp\/v2\/pages\/1317","targetHints":{"allow":["GET"]}}],"collection":[{"href":"https:\/\/lotte-bibliothek.org\/index.php?rest_route=\/wp\/v2\/pages"}],"about":[{"href":"https:\/\/lotte-bibliothek.org\/index.php?rest_route=\/wp\/v2\/types\/page"}],"author":[{"embeddable":true,"href":"https:\/\/lotte-bibliothek.org\/index.php?rest_route=\/wp\/v2\/users\/1"}],"replies":[{"embeddable":true,"href":"https:\/\/lotte-bibliothek.org\/index.php?rest_route=%2Fwp%2Fv2%2Fcomments&post=1317"}],"version-history":[{"count":5,"href":"https:\/\/lotte-bibliothek.org\/index.php?rest_route=\/wp\/v2\/pages\/1317\/revisions"}],"predecessor-version":[{"id":1387,"href":"https:\/\/lotte-bibliothek.org\/index.php?rest_route=\/wp\/v2\/pages\/1317\/revisions\/1387"}],"up":[{"embeddable":true,"href":"https:\/\/lotte-bibliothek.org\/index.php?rest_route=\/wp\/v2\/pages\/813"}],"wp:attachment":[{"href":"https:\/\/lotte-bibliothek.org\/index.php?rest_route=%2Fwp%2Fv2%2Fmedia&parent=1317"}],"curies":[{"name":"wp","href":"https:\/\/api.w.org\/{rel}","templated":true}]}}