{"id":29,"date":"2020-08-07T14:24:43","date_gmt":"2020-08-07T12:24:43","guid":{"rendered":"https:\/\/lotte-bibliothek.org\/?page_id=29"},"modified":"2024-09-09T10:44:30","modified_gmt":"2024-09-09T08:44:30","slug":"katalog","status":"publish","type":"page","link":"https:\/\/lotte-bibliothek.org\/?page_id=29","title":{"rendered":"B\u00fccherkatalog"},"content":{"rendered":"\n<p><\/p>\n\n\n\n<figure class=\"wp-block-image size-full\"><img loading=\"lazy\" decoding=\"async\" width=\"800\" height=\"600\" src=\"https:\/\/lotte-bibliothek.org\/wp-content\/uploads\/2020\/11\/lotte15.cleaned-2.jpg\" alt=\"\" class=\"wp-image-287\" srcset=\"https:\/\/lotte-bibliothek.org\/wp-content\/uploads\/2020\/11\/lotte15.cleaned-2.jpg 800w, https:\/\/lotte-bibliothek.org\/wp-content\/uploads\/2020\/11\/lotte15.cleaned-2-300x225.jpg 300w, https:\/\/lotte-bibliothek.org\/wp-content\/uploads\/2020\/11\/lotte15.cleaned-2-768x576.jpg 768w\" sizes=\"auto, (max-width: 767px) 89vw, (max-width: 1000px) 54vw, (max-width: 1071px) 543px, 580px\" \/><\/figure>\n\n\n\n<p class=\"has-text-color\" style=\"color:#008fa3\">All unsere vorhandenen B\u00fccher findest Du im Programm Zotero unter folgendem Link:<\/p>\n\n\n\n<p class=\"has-text-color\" style=\"color:#008fa3\"><a href=\"https:\/\/www.zotero.org\/groups\/2528430\/lotte_gesamt\/library\" data-type=\"URL\" data-id=\"https:\/\/www.zotero.org\/groups\/2528430\/lotte_gesamt\/library\" target=\"_blank\" rel=\"noreferrer noopener\">https:\/\/www.zotero.org\/groups\/2528430\/lotte_gesamt\/library<\/a><\/p>\n\n\n\n<p class=\"has-text-color\" style=\"color:#008fa3\">Links unten im Eck siehst du eine Tag-Liste. Falls Dich ein Thema interessiert und Du schauen m\u00f6chtest ob wir B\u00fccher zu diesem Thema haben, kannst Du ein Tag anw\u00e4hlen und Dir werden alle B\u00fccher, die mit diesem Tag versehen sind, angezeigt.<\/p>\n\n\n\n<p class=\"has-text-color\" style=\"color:#008fa3\"><\/p>\n\n\n\n<p><\/p>\n","protected":false},"excerpt":{"rendered":"<p>All unsere vorhandenen B\u00fccher findest Du im Programm Zotero unter folgendem Link: https:\/\/www.zotero.org\/groups\/2528430\/lotte_gesamt\/library Links unten im Eck siehst du eine Tag-Liste. Falls Dich ein Thema interessiert und Du schauen m\u00f6chtest ob wir B\u00fccher zu diesem Thema haben, kannst Du ein Tag anw\u00e4hlen und Dir werden alle B\u00fccher, die mit diesem Tag versehen sind, angezeigt.<\/p>\n","protected":false},"author":1,"featured_media":0,"parent":0,"menu_order":0,"comment_status":"closed","ping_status":"closed","template":"","meta":{"footnotes":""},"class_list":["post-29","page","type-page","status-publish","hentry"],"_links":{"self":[{"href":"https:\/\/lotte-bibliothek.org\/index.php?rest_route=\/wp\/v2\/pages\/29","targetHints":{"allow":["GET"]}}],"collection":[{"href":"https:\/\/lotte-bibliothek.org\/index.php?rest_route=\/wp\/v2\/pages"}],"about":[{"href":"https:\/\/lotte-bibliothek.org\/index.php?rest_route=\/wp\/v2\/types\/page"}],"author":[{"embeddable":true,"href":"https:\/\/lotte-bibliothek.org\/index.php?rest_route=\/wp\/v2\/users\/1"}],"replies":[{"embeddable":true,"href":"https:\/\/lotte-bibliothek.org\/index.php?rest_route=%2Fwp%2Fv2%2Fcomments&post=29"}],"version-history":[{"count":9,"href":"https:\/\/lotte-bibliothek.org\/index.php?rest_route=\/wp\/v2\/pages\/29\/revisions"}],"predecessor-version":[{"id":1800,"href":"https:\/\/lotte-bibliothek.org\/index.php?rest_route=\/wp\/v2\/pages\/29\/revisions\/1800"}],"wp:attachment":[{"href":"https:\/\/lotte-bibliothek.org\/index.php?rest_route=%2Fwp%2Fv2%2Fmedia&parent=29"}],"curies":[{"name":"wp","href":"https:\/\/api.w.org\/{rel}","templated":true}]}}