{"id":31,"date":"2020-08-07T14:24:43","date_gmt":"2020-08-07T12:24:43","guid":{"rendered":"https:\/\/lotte-bibliothek.org\/?page_id=31"},"modified":"2024-09-09T10:43:48","modified_gmt":"2024-09-09T08:43:48","slug":"selbstverstaendnis","status":"publish","type":"page","link":"https:\/\/lotte-bibliothek.org\/?page_id=31","title":{"rendered":"Selbstverst\u00e4ndnis"},"content":{"rendered":"\n<figure class=\"wp-block-image size-full\"><img loading=\"lazy\" decoding=\"async\" width=\"800\" height=\"600\" src=\"https:\/\/lotte-bibliothek.org\/wp-content\/uploads\/2020\/11\/lotte4.cleaned-2.jpg\" alt=\"\" class=\"wp-image-257\" srcset=\"https:\/\/lotte-bibliothek.org\/wp-content\/uploads\/2020\/11\/lotte4.cleaned-2.jpg 800w, https:\/\/lotte-bibliothek.org\/wp-content\/uploads\/2020\/11\/lotte4.cleaned-2-300x225.jpg 300w, https:\/\/lotte-bibliothek.org\/wp-content\/uploads\/2020\/11\/lotte4.cleaned-2-768x576.jpg 768w\" sizes=\"auto, (max-width: 767px) 89vw, (max-width: 1000px) 54vw, (max-width: 1071px) 543px, 580px\" \/><\/figure>\n\n\n\n<p class=\"has-text-color\" style=\"color:#008fa3\">Lotte &#8211; die k\u00e4mpferische Bibliothek&nbsp;<\/p>\n\n\n\n<p class=\"has-text-color\" style=\"color:#008fa3\">In Luzern gibt es seit dem Fr\u00fchling 2020 einen Wagen, gef\u00fcllt mit viel spannender Literatur \u2013 eine mobile Bibliothek \u2013 die Lotte. &#8218;lotte&#8216; kommt aus dem italienischen, stellt den Plural von &#8218;lotta&#8216; dar und bedeutet &#8218;K\u00e4mpfe&#8216;. Wir verwenden den Namen im Sinne von sich einsetzen, sich stark machen, engagieren, k\u00e4mpfen f\u00fcr gesellschaftliche alternative Visionen, soziale Gerechtigkeit, kritische Auseinandersetzungen etc.<\/p>\n\n\n\n<p class=\"has-text-color\" style=\"color:#008fa3\">Die Bibliothek &#8218;Lotte&#8216; ist ein offener und selbstbestimmter Ort f\u00fcr alle; ein Raum zum Lesen, sich informieren, zum entdecken, diskutieren und sich auszutauschen \u2013 ein sozialer Treffpunkt zum F\u00fchren von aktuellen politischen und gesellschaftlichen Debatten. Zus\u00e4tzlich wird eine Plattform zur Verf\u00fcgung gestellt f\u00fcr Veranstaltungen wie Lesungen, Lesekreise, Workshops und Kino.<\/p>\n\n\n\n<p class=\"has-text-color\" style=\"color:#008fa3\">Unser Ziel ist es einen freien Raum zur kritischen Auseinandersetzung zu schaffen. In der &#8218;Lotte&#8216; soll eine offene Diskussionskultur ohne Tabus herrschen und dabei ein sensibler Umgang mit Themen wie Hierarchie, Barrierefreiheit, Machtstrukturen, Diskriminierung, Geschlechterrollen etc. gepflegt werden. Wir m\u00f6chten anregen, irritieren und ermutigen gegebene Strukturen, Denkmuster und Begrifflichkeiten zu hinterfragen und Menschen darin best\u00e4rken ihre Visionen \/ Tr\u00e4ume und alternative Denk-und Lebensstrukturen zu verfolgen.<\/p>\n\n\n\n<p class=\"has-text-color\" style=\"color:#008fa3\">Der Fokus liegt auf Literatur mit gesellschaftskritischem, empowerndem, k\u00e4mpferischem und utopisch-vision\u00e4rem Inhalt. Unter Empowerment\/Erm\u00e4chtigung verstehen wir dabei die Erh\u00f6hung von Autonomie und Selbstbestimmung im Leben eines einzelnen Menschen sowie Gemeinschaften.<\/p>\n\n\n\n<p class=\"has-text-color\" style=\"color:#008fa3\">Neben theoretischen Abhandlungen gibt es in der Lotte auch Belletristik, Kinder- und Jugendb\u00fccher, DVDs und Comics. Die Nutzung der Ausleihe ist kostenfrei und das Projekt wird \u00fcber Spenden, Veranstaltungen und G\u00f6nner*innen finanziert.<\/p>\n\n\n\n<p class=\"has-text-color\" style=\"color:#008fa3\">Die Besonderheit der Lotte-Bibliothek ist, dass sie sich in einem Wagen befindet und somit mobil ist. Dass bedeutet, dass die Lotte-Bibliothek nicht ortsgebunden ist und so auch aktivistisch unterwegs sein kann bei Veranstaltungen, Demos, Camps etc&#8230;<\/p>\n\n\n\n<p class=\"has-text-color\" style=\"color:#008fa3\">Die Lotte wird von einer Gruppe Menschen in kollektiver Selbstverwaltung gef\u00fchrt.&nbsp;Wir verstehen uns als offenes Kollektiv. Interessierte Personen sind herzlich eingeladen, sich f\u00fcr das Projekt zu engagieren, zu ausgew\u00e4hlten Themen Veranstaltungen durchzuf\u00fchren und sich mit Ideen einzubringen. Wir streben eine dynamische Austauschkultur an \u2013 jede*r kann am Projekt partizipieren; Vorhandenes soll kritisch hinterfragt und durch alle die Lust dazu haben weiterentwickelt werden.<\/p>\n\n\n\n<p class=\"has-text-color\" style=\"color:#008fa3\">Momentan sind wir eine kleine Gruppe von drei <em>weissen<\/em> Menschen, welche den Bibliothekswagen mit dem B\u00fccherbestand von fast 500 B\u00fcchern \u00fcbernehmen durften. Der Bestand ist durch viele Buchspenden auf mittlerweile \u00fcber 1000 B\u00fccher gewachsen. Und der B\u00fccherbestand w\u00e4chst best\u00e4ndig weiter und es gibt viel zu entdecken&#8230;<\/p>\n\n\n\n<p class=\"has-text-color\" style=\"color:#008fa3\">Die Lotte wartet auf dich!<\/p>\n\n\n\n<p class=\"has-text-color\" style=\"color:#008fa3\">Mache die Gruppe zu einem heterogenen, bunten, kritischen, k\u00e4mpferischen Haufen, hilf mit, den B\u00fccherbestand zu durchforsten und zu aktualisieren, stelle Fragen, bringe dich ein und bereichere das Projekt mit deiner Pr\u00e4senz und deinen Ideen!<\/p>\n\n\n\n<p class=\"has-text-color\" style=\"color:#008fa3\">Komm vorbei, wir freuen uns auf dich \ud83d\ude42<\/p>\n","protected":false},"excerpt":{"rendered":"<p>Lotte &#8211; die k\u00e4mpferische Bibliothek&nbsp; In Luzern gibt es seit dem Fr\u00fchling 2020 einen Wagen, gef\u00fcllt mit viel spannender Literatur \u2013 eine mobile Bibliothek \u2013 die Lotte. &#8218;lotte&#8216; kommt aus dem italienischen, stellt den Plural von &#8218;lotta&#8216; dar und bedeutet &#8218;K\u00e4mpfe&#8216;. Wir verwenden den Namen im Sinne von sich einsetzen, sich stark machen, engagieren, k\u00e4mpfen &hellip; <\/p>\n<p class=\"link-more\"><a href=\"https:\/\/lotte-bibliothek.org\/?page_id=31\" class=\"more-link\"><span class=\"screen-reader-text\">\u201eSelbstverst\u00e4ndnis\u201c <\/span>weiterlesen<\/a><\/p>\n","protected":false},"author":1,"featured_media":0,"parent":0,"menu_order":0,"comment_status":"closed","ping_status":"closed","template":"","meta":{"footnotes":""},"class_list":["post-31","page","type-page","status-publish","hentry"],"_links":{"self":[{"href":"https:\/\/lotte-bibliothek.org\/index.php?rest_route=\/wp\/v2\/pages\/31","targetHints":{"allow":["GET"]}}],"collection":[{"href":"https:\/\/lotte-bibliothek.org\/index.php?rest_route=\/wp\/v2\/pages"}],"about":[{"href":"https:\/\/lotte-bibliothek.org\/index.php?rest_route=\/wp\/v2\/types\/page"}],"author":[{"embeddable":true,"href":"https:\/\/lotte-bibliothek.org\/index.php?rest_route=\/wp\/v2\/users\/1"}],"replies":[{"embeddable":true,"href":"https:\/\/lotte-bibliothek.org\/index.php?rest_route=%2Fwp%2Fv2%2Fcomments&post=31"}],"version-history":[{"count":14,"href":"https:\/\/lotte-bibliothek.org\/index.php?rest_route=\/wp\/v2\/pages\/31\/revisions"}],"predecessor-version":[{"id":1799,"href":"https:\/\/lotte-bibliothek.org\/index.php?rest_route=\/wp\/v2\/pages\/31\/revisions\/1799"}],"wp:attachment":[{"href":"https:\/\/lotte-bibliothek.org\/index.php?rest_route=%2Fwp%2Fv2%2Fmedia&parent=31"}],"curies":[{"name":"wp","href":"https:\/\/api.w.org\/{rel}","templated":true}]}}