{"id":34,"date":"2020-08-07T14:24:43","date_gmt":"2020-08-07T12:24:43","guid":{"rendered":"https:\/\/lotte-bibliothek.org\/?page_id=34"},"modified":"2025-01-05T09:10:43","modified_gmt":"2025-01-05T08:10:43","slug":"unterstuetzung","status":"publish","type":"page","link":"https:\/\/lotte-bibliothek.org\/?page_id=34","title":{"rendered":"Unterst\u00fctzung"},"content":{"rendered":"\n<figure class=\"wp-block-image size-large\"><img loading=\"lazy\" decoding=\"async\" width=\"1024\" height=\"1024\" src=\"https:\/\/lotte-bibliothek.org\/wp-content\/uploads\/2021\/01\/IMG_20210110_144204_248-1024x1024.jpg\" alt=\"\" class=\"wp-image-408\" srcset=\"https:\/\/lotte-bibliothek.org\/wp-content\/uploads\/2021\/01\/IMG_20210110_144204_248-1024x1024.jpg 1024w, https:\/\/lotte-bibliothek.org\/wp-content\/uploads\/2021\/01\/IMG_20210110_144204_248-300x300.jpg 300w, https:\/\/lotte-bibliothek.org\/wp-content\/uploads\/2021\/01\/IMG_20210110_144204_248-150x150.jpg 150w, https:\/\/lotte-bibliothek.org\/wp-content\/uploads\/2021\/01\/IMG_20210110_144204_248-768x768.jpg 768w, https:\/\/lotte-bibliothek.org\/wp-content\/uploads\/2021\/01\/IMG_20210110_144204_248-1536x1536.jpg 1536w, https:\/\/lotte-bibliothek.org\/wp-content\/uploads\/2021\/01\/IMG_20210110_144204_248-2048x2048.jpg 2048w, https:\/\/lotte-bibliothek.org\/wp-content\/uploads\/2021\/01\/IMG_20210110_144204_248-100x100.jpg 100w\" sizes=\"auto, (max-width: 767px) 89vw, (max-width: 1000px) 54vw, (max-width: 1071px) 543px, 580px\" \/><\/figure>\n\n\n\n<h2 class=\"wp-block-heading has-text-color has-link-color wp-elements-f8a46f14606bc87f04a92e40554a764a\" style=\"color:#008fa3\">Die Lotte sucht Mitwirkende<\/h2>\n\n\n\n<p class=\"has-text-color has-link-color wp-elements-89675d2cad5488b1780e7f90f0e04453\" style=\"color:#008fa3\">Bist du eine offene Person und m\u00f6chtest dich gerne engagieren?<\/p>\n\n\n\n<p class=\"has-text-color has-link-color wp-elements-29e345dad07375124f071e6f35ea370e\" style=\"color:#008fa3\">Unsere Bibliothek sucht Menschen, die sich eine <strong>l\u00e4ngerfristige Mitgestaltung im Kollektiv <\/strong>vorstellen k\u00f6nnen.<\/p>\n\n\n\n<p class=\"has-text-color has-link-color wp-elements-76b50b419e38c2987619932c8e8f6a6a\" style=\"color:#008fa3\">Wir treffen uns einmal im Monat und und besprechen dann alles Organisatorische rund um die Lotte-Bibliothek. Zum Beispiel: Administratives, Veranstaltungen, Z\u00fcgeln der Lotte, Aktuelle B\u00fccher, etc.<\/p>\n\n\n\n<p class=\"has-text-color has-link-color wp-elements-45aa81df3227b53eca8e481c836ef545\" style=\"color:#008fa3\">Spricht dich das an? Oder hast du noch Fragen? M\u00f6chtest du einmal zu einem Treffen kommen? Dann schreib uns gerne:<\/p>\n\n\n\n<p class=\"has-text-color has-link-color wp-elements-3aee0b0411e549442b4fc57e50905a8d\" style=\"color:#008fa3\">hallo@lotte-bibliothek.org (schreib uns doch, wenn m\u00f6glich, verschl\u00fcsselt)<\/p>\n\n\n\n<p class=\"has-text-color has-link-color wp-elements-5db7f63108472218b6e37c9177a5957a\" style=\"color:#008fa3\">Instagram: lotte_bibliothek<\/p>\n\n\n\n<h2 class=\"wp-block-heading has-text-color has-link-color wp-elements-3acfa9caea145ec1f5241091ac293dc0\" style=\"color:#008fa3\">Die Lotte sucht Menschen f\u00fcr Bibliotheksschichten<\/h2>\n\n\n\n<p class=\"has-text-color has-link-color wp-elements-71375a8d5d4968259a256960005dc198\" style=\"color:#008fa3\">Die Lotte als Bibliothek ist w\u00e4hrend der \u00d6ffnungszeiten betreut (<strong>Dienstag und Mittwoch 18-20 Uhr und Samstag 10-12 Uhr<\/strong>).<\/p>\n\n\n\n<p class=\"has-text-color has-link-color wp-elements-54057e3b1e0060730312a3c73ffcabee\" style=\"color:#008fa3\">Daf\u00fcr suchen wir Menschen, die Lust haben <strong>Schichten w\u00e4hrend der \u00d6ffnungszeiten<\/strong> zu \u00fcbernehmen und in der Zeit in der Lotte anwesend zu sein und die B\u00fccherausleihe zu betreuen.<\/p>\n\n\n\n<p class=\"has-text-color has-link-color wp-elements-a78757467a010a3e6f9f0f209e6fa5f3\" style=\"color:#008fa3\">W\u00e4hrend der Bibliotheksschichten kannst du selbst in B\u00fcchern schm\u00f6ckern oder dich mit anderen Menschen \u00fcber deine Lieblingsautor*innen und -b\u00fccher austauschen.<\/p>\n\n\n\n<p class=\"has-text-color has-link-color wp-elements-97466053b60bbcb421a22059b07651c9\" style=\"color:#008fa3\">Interessiert? Dann schreib uns doch gerne:<\/p>\n\n\n\n<p class=\"has-text-color has-link-color wp-elements-3aee0b0411e549442b4fc57e50905a8d\" style=\"color:#008fa3\">hallo@lotte-bibliothek.org (schreib uns doch, wenn m\u00f6glich, verschl\u00fcsselt)<\/p>\n\n\n\n<p class=\"has-text-color has-link-color wp-elements-5db7f63108472218b6e37c9177a5957a\" style=\"color:#008fa3\">Instagram: lotte_bibliothek<\/p>\n\n\n\n<h2 class=\"wp-block-heading has-text-color has-link-color wp-elements-043b43baedbf68b7ee124b18ab0706fc\" style=\"color:#008fa3\">Die Lotte sucht G\u00f6nner:innen<\/h2>\n\n\n\n<p class=\"has-text-color has-link-color wp-elements-9fd8a84cb4549f53ebc4107dfa9bfe55\" style=\"color:#008fa3\">Die Lotte Bibliothek wird von einem offenen Kollektiv ehrenamtlich organisiert. Sie ist komplett <strong>spendenfinanziert und ist deshalb auf deine Hilfe angewiesen<\/strong>.<\/p>\n\n\n\n<p class=\"has-text-color has-link-color wp-elements-ced9f37a1de7a31f1a4b3a908dcb104f\" style=\"color:#008fa3\">Du m\u00f6chtest die Lotte unterst\u00fctzen? Wir freuen uns am meisten \u00fcber regelm\u00e4ssige Betr\u00e4ge, aber auch unregelm\u00e4ssige sind sehr toll!<\/p>\n\n\n\n<p class=\"has-text-color has-link-color wp-elements-80b36b5851f55f48b3ec2b708be26be5\" style=\"color:#008fa3\">Kannst du dir vorstellen die Lotte regelm\u00e4ssig (monatlich, viertel-, halb-, oder ganzj\u00e4hrig) zu unterst\u00fctzen? Dann kontaktiere uns doch gerne:<\/p>\n\n\n\n<p class=\"has-text-color has-link-color wp-elements-3aee0b0411e549442b4fc57e50905a8d\" style=\"color:#008fa3\">hallo@lotte-bibliothek.org (schreib uns doch, wenn m\u00f6glich, verschl\u00fcsselt)<\/p>\n\n\n\n<p class=\"has-text-color has-link-color wp-elements-5db7f63108472218b6e37c9177a5957a\" style=\"color:#008fa3\">Instagram: lotte_bibliothek<\/p>\n\n\n\n<p class=\"has-text-color has-link-color wp-elements-e1bc6f3411d5a9ddb33e7c8681aed09a\" style=\"color:#008fa3\"><strong>Konto f\u00fcr Spenden<\/strong>:<br><br>CH78 0839 0040 3336 1000 9<br>Lotte Bibliothek, Bernstrasse 67, 6003 Luzern<\/p>\n\n\n\n<figure class=\"wp-block-image size-large is-resized\"><img loading=\"lazy\" decoding=\"async\" width=\"666\" height=\"1024\" src=\"https:\/\/lotte-bibliothek.org\/wp-content\/uploads\/2025\/01\/TwintCodeWS-666x1024.jpg\" alt=\"\" class=\"wp-image-1820\" style=\"width:213px;height:auto\" srcset=\"https:\/\/lotte-bibliothek.org\/wp-content\/uploads\/2025\/01\/TwintCodeWS-666x1024.jpg 666w, https:\/\/lotte-bibliothek.org\/wp-content\/uploads\/2025\/01\/TwintCodeWS-195x300.jpg 195w, https:\/\/lotte-bibliothek.org\/wp-content\/uploads\/2025\/01\/TwintCodeWS-768x1180.jpg 768w, https:\/\/lotte-bibliothek.org\/wp-content\/uploads\/2025\/01\/TwintCodeWS-1000x1536.jpg 1000w, https:\/\/lotte-bibliothek.org\/wp-content\/uploads\/2025\/01\/TwintCodeWS.jpg 1057w\" sizes=\"auto, (max-width: 666px) 100vw, 666px\" \/><\/figure>\n\n\n\n<div class=\"wp-block-buttons is-layout-flex wp-block-buttons-is-layout-flex\">\n<div class=\"wp-block-button is-style-fill\"><a class=\"wp-block-button__link wp-element-button\" href=\"https:\/\/go.twint.ch\/1\/e\/tw?tw=acq.u9WXWwC0QZOJXR_ZNbLjJcQCWo1wZxMR0C-OVR3JXktffj_DxChFJ4z2UmSA1Rhm.\">per Link via Twint an Lotte spenden<\/a><\/div>\n<\/div>\n\n\n\n<h2 class=\"wp-block-heading has-text-color has-link-color wp-elements-26636ee04b7eda74f56aeb3c48bd6336\" style=\"color:#008fa3\">Die Lotte sucht B\u00fccherpat*innen<\/h2>\n\n\n\n<p class=\"has-text-color has-link-color wp-elements-4ab73abf06c1677524f0fc2a3baa51e7\" style=\"color:#008fa3\">Du liest selbst gerne und\/oder hast B\u00fccher von denen du denkst die sollten doch mehr Leute lesen? Gib die B\u00fccher weiter und stelle sie der Lotte-Bibliothek zur Verf\u00fcgung, auf dass sie um ein Vielfaches gelesen werden.<\/p>\n\n\n\n<p class=\"has-text-color has-link-color wp-elements-0eacccf3542ac0d68595499f069f8ac8\" style=\"color:#008fa3\">Oder du, dein Wohnprojekt, dein Freund*innenkreis oder Family will*st l\u00e4ngerfristig Pat*in werden und alle 2-3 Monate ein Buch spenden?<\/p>\n\n\n\n<p class=\"has-text-color has-link-color wp-elements-17f959ef5b4c057e1668b908218f7fd8\" style=\"color:#008fa3\">Das w\u00e4re grossartig!<\/p>\n\n\n\n<p class=\"has-text-color has-link-color wp-elements-68439165516971722873dc8fcf868219\" style=\"color:#008fa3\">Schreib uns ein Mail oder komm uns in der Lotte besuchen.<\/p>\n\n\n\n<p class=\"has-text-color has-link-color wp-elements-3aee0b0411e549442b4fc57e50905a8d\" style=\"color:#008fa3\">hallo@lotte-bibliothek.org (schreib uns doch, wenn m\u00f6glich, verschl\u00fcsselt)<\/p>\n\n\n\n<p class=\"has-text-color has-link-color wp-elements-5db7f63108472218b6e37c9177a5957a\" style=\"color:#008fa3\">Instagram: lotte_bibliothek<\/p>\n\n\n\n<p class=\"has-text-color has-link-color wp-elements-aef6f21be136be787bcabd49fe6c68be\" style=\"color:#008fa3\">Oder schick uns die B\u00fccher nach Absprache direkt an unsere Postadresse:<\/p>\n\n\n\n<p class=\"has-text-color has-link-color wp-elements-18be69c383f93efd4173a601bbe7386e\" style=\"color:#008fa3\">Lotte Bibliothek<br>Bernstrasse 67<br>6003 Luzern<\/p>\n","protected":false},"excerpt":{"rendered":"<p>Die Lotte sucht Mitwirkende Bist du eine offene Person und m\u00f6chtest dich gerne engagieren? Unsere Bibliothek sucht Menschen, die sich eine l\u00e4ngerfristige Mitgestaltung im Kollektiv vorstellen k\u00f6nnen. Wir treffen uns einmal im Monat und und besprechen dann alles Organisatorische rund um die Lotte-Bibliothek. Zum Beispiel: Administratives, Veranstaltungen, Z\u00fcgeln der Lotte, Aktuelle B\u00fccher, etc. Spricht dich &hellip; <\/p>\n<p class=\"link-more\"><a href=\"https:\/\/lotte-bibliothek.org\/?page_id=34\" class=\"more-link\"><span class=\"screen-reader-text\">\u201eUnterst\u00fctzung\u201c <\/span>weiterlesen<\/a><\/p>\n","protected":false},"author":1,"featured_media":66,"parent":0,"menu_order":0,"comment_status":"closed","ping_status":"closed","template":"","meta":{"footnotes":""},"class_list":["post-34","page","type-page","status-publish","has-post-thumbnail","hentry"],"_links":{"self":[{"href":"https:\/\/lotte-bibliothek.org\/index.php?rest_route=\/wp\/v2\/pages\/34","targetHints":{"allow":["GET"]}}],"collection":[{"href":"https:\/\/lotte-bibliothek.org\/index.php?rest_route=\/wp\/v2\/pages"}],"about":[{"href":"https:\/\/lotte-bibliothek.org\/index.php?rest_route=\/wp\/v2\/types\/page"}],"author":[{"embeddable":true,"href":"https:\/\/lotte-bibliothek.org\/index.php?rest_route=\/wp\/v2\/users\/1"}],"replies":[{"embeddable":true,"href":"https:\/\/lotte-bibliothek.org\/index.php?rest_route=%2Fwp%2Fv2%2Fcomments&post=34"}],"version-history":[{"count":27,"href":"https:\/\/lotte-bibliothek.org\/index.php?rest_route=\/wp\/v2\/pages\/34\/revisions"}],"predecessor-version":[{"id":1825,"href":"https:\/\/lotte-bibliothek.org\/index.php?rest_route=\/wp\/v2\/pages\/34\/revisions\/1825"}],"wp:featuredmedia":[{"embeddable":true,"href":"https:\/\/lotte-bibliothek.org\/index.php?rest_route=\/wp\/v2\/media\/66"}],"wp:attachment":[{"href":"https:\/\/lotte-bibliothek.org\/index.php?rest_route=%2Fwp%2Fv2%2Fmedia&parent=34"}],"curies":[{"name":"wp","href":"https:\/\/api.w.org\/{rel}","templated":true}]}}