{"id":37,"date":"2020-08-07T14:24:43","date_gmt":"2020-08-07T12:24:43","guid":{"rendered":"https:\/\/lotte-bibliothek.org\/?page_id=37"},"modified":"2026-02-19T15:31:01","modified_gmt":"2026-02-19T14:31:01","slug":"oeffnungszeiten","status":"publish","type":"page","link":"https:\/\/lotte-bibliothek.org\/?page_id=37","title":{"rendered":"\u00d6ffnungszeiten &#038; Kontakt"},"content":{"rendered":"\n<figure class=\"wp-block-image size-full\"><img loading=\"lazy\" decoding=\"async\" width=\"800\" height=\"600\" src=\"https:\/\/lotte-bibliothek.org\/wp-content\/uploads\/2020\/11\/lotte5.cleaned-3.jpg\" alt=\"\" class=\"wp-image-277\" srcset=\"https:\/\/lotte-bibliothek.org\/wp-content\/uploads\/2020\/11\/lotte5.cleaned-3.jpg 800w, https:\/\/lotte-bibliothek.org\/wp-content\/uploads\/2020\/11\/lotte5.cleaned-3-300x225.jpg 300w, https:\/\/lotte-bibliothek.org\/wp-content\/uploads\/2020\/11\/lotte5.cleaned-3-768x576.jpg 768w\" sizes=\"auto, (max-width: 767px) 89vw, (max-width: 1000px) 54vw, (max-width: 1071px) 543px, 580px\" \/><\/figure>\n\n\n\n<iframe loading=\"lazy\" width=\"320\" height=\"350\" src=\"https:\/\/lotte.webgeschichte.ch\/11.select.php\" frameborder=\"0\"><\/iframe>\n\n\n\n<p><\/p>\n\n\n\n<h1 class=\"wp-block-heading has-text-color\" style=\"color:#008fa3\">Aktuelle \u00d6ffnungszeiten<br><br>Die Lotte bleibt ab 17.12.25 geschlossen. Mehr Infos dazu im Blogbeitrag vom 30.11.2025 (auf der Startseite der Webseite)<\/h1>\n\n\n\n<p class=\"has-text-color has-medium-font-size\" style=\"color:#008fa3\"><strong>Dienstag und Mittwoch 18-20 Uhr<\/strong><br><strong>Samstag 10-12 Uhr<\/strong><br>Es kann passieren, dass sich einmal keine Person f\u00fcr die Betreuung der Lotte findet und sie ausnahmsweise nicht ge\u00f6ffnet ist. Im Kalender oben erscheint ein gr\u00fcner Kreis, wenn die Schicht am betreffenden Tag besetzt und die Lotte also ge\u00f6ffnet ist. Am besten einfach kurz vor deinem Lotte Besuch den Kalender hier checken! <br>(ACHTUNG: Der Kalender funktioniert am besten mit dem Firefox Browser, er funktioniert NICHT mit Chrome und Brave Browser!)<br><br><strong>Aktueller Standort:<\/strong><br>Die Lotte ist bis auf weiteres nicht mehr an einem \u00f6ffentlichen Ort. Falls du ein Buch ausleihen oder zur\u00fcckgeben m\u00f6chtest, melde dich per Mail bei uns.<br><\/p>\n\n\n\n<p class=\"has-text-color\" style=\"color:#008fa3\">An Feiertagen geschlossen.<\/p>\n\n\n\n<p class=\"has-text-color\" style=\"color:#008fa3\">\u2013 Die Bibliothek ist w\u00e4hrend der \u00d6ffnungszeiten betreut \u2013<\/p>\n\n\n\n<p class=\"has-text-color\" style=\"color:#008fa3\">Fragen, Liebesbriefe, Spenden oder Kritik an<\/p>\n\n\n\n<p class=\"has-text-color\" style=\"color:#008fa3\">hallo@lotte-bibliothek.org (schreib uns doch, wenn m\u00f6glich, verschl\u00fcsselt)<\/p>\n\n\n\n<p class=\"has-text-color\" style=\"color:#008fa3\">Instagram: lotte_bibliothek<\/p>\n\n\n\n<p class=\"has-text-color\" style=\"color:#008fa3\"><strong>Konto f\u00fcr Spenden:<\/strong><br>CH78 0839 0040 3336 1000 9<br>Lotte Bibliothek, Bernstrasse 67, 6003 Luzern<\/p>\n\n\n\n<figure class=\"wp-block-image size-large is-resized\"><img loading=\"lazy\" decoding=\"async\" width=\"666\" height=\"1024\" src=\"https:\/\/lotte-bibliothek.org\/wp-content\/uploads\/2025\/01\/TwintCodeWS-666x1024.jpg\" alt=\"\" class=\"wp-image-1820\" style=\"width:188px;height:auto\" srcset=\"https:\/\/lotte-bibliothek.org\/wp-content\/uploads\/2025\/01\/TwintCodeWS-666x1024.jpg 666w, https:\/\/lotte-bibliothek.org\/wp-content\/uploads\/2025\/01\/TwintCodeWS-195x300.jpg 195w, https:\/\/lotte-bibliothek.org\/wp-content\/uploads\/2025\/01\/TwintCodeWS-768x1180.jpg 768w, https:\/\/lotte-bibliothek.org\/wp-content\/uploads\/2025\/01\/TwintCodeWS-1000x1536.jpg 1000w, https:\/\/lotte-bibliothek.org\/wp-content\/uploads\/2025\/01\/TwintCodeWS.jpg 1057w\" sizes=\"auto, (max-width: 666px) 100vw, 666px\" \/><\/figure>\n\n\n\n<div class=\"wp-block-buttons is-layout-flex wp-block-buttons-is-layout-flex\">\n<div class=\"wp-block-button\"><a class=\"wp-block-button__link wp-element-button\" href=\"https:\/\/go.twint.ch\/1\/e\/tw?tw=acq.u9WXWwC0QZOJXR_ZNbLjJcQCWo1wZxMR0C-OVR3JXktffj_DxChFJ4z2UmSA1Rhm.\">per Link via Twint an Lotte spenden<\/a><\/div>\n<\/div>\n\n\n\n<p class=\"has-text-color\" style=\"color:#008fa3\"><br><\/p>\n\n\n\n<p class=\"has-text-color\" style=\"color:#008fa3\"><strong>Postadresse<\/strong><br>Lotte Bibliothek<br>Bernstrasse 67<br>6003 Luzern<br><\/p>\n","protected":false},"excerpt":{"rendered":"<p>Aktuelle \u00d6ffnungszeiten Die Lotte bleibt ab 17.12.25 geschlossen. Mehr Infos dazu im Blogbeitrag vom 30.11.2025 (auf der Startseite der Webseite) Dienstag und Mittwoch 18-20 UhrSamstag 10-12 UhrEs kann passieren, dass sich einmal keine Person f\u00fcr die Betreuung der Lotte findet und sie ausnahmsweise nicht ge\u00f6ffnet ist. Im Kalender oben erscheint ein gr\u00fcner Kreis, wenn die &hellip; <\/p>\n<p class=\"link-more\"><a href=\"https:\/\/lotte-bibliothek.org\/?page_id=37\" class=\"more-link\"><span class=\"screen-reader-text\">\u201e\u00d6ffnungszeiten &#038; Kontakt\u201c <\/span>weiterlesen<\/a><\/p>\n","protected":false},"author":1,"featured_media":0,"parent":0,"menu_order":0,"comment_status":"closed","ping_status":"closed","template":"","meta":{"footnotes":""},"class_list":["post-37","page","type-page","status-publish","hentry"],"_links":{"self":[{"href":"https:\/\/lotte-bibliothek.org\/index.php?rest_route=\/wp\/v2\/pages\/37","targetHints":{"allow":["GET"]}}],"collection":[{"href":"https:\/\/lotte-bibliothek.org\/index.php?rest_route=\/wp\/v2\/pages"}],"about":[{"href":"https:\/\/lotte-bibliothek.org\/index.php?rest_route=\/wp\/v2\/types\/page"}],"author":[{"embeddable":true,"href":"https:\/\/lotte-bibliothek.org\/index.php?rest_route=\/wp\/v2\/users\/1"}],"replies":[{"embeddable":true,"href":"https:\/\/lotte-bibliothek.org\/index.php?rest_route=%2Fwp%2Fv2%2Fcomments&post=37"}],"version-history":[{"count":50,"href":"https:\/\/lotte-bibliothek.org\/index.php?rest_route=\/wp\/v2\/pages\/37\/revisions"}],"predecessor-version":[{"id":1972,"href":"https:\/\/lotte-bibliothek.org\/index.php?rest_route=\/wp\/v2\/pages\/37\/revisions\/1972"}],"wp:attachment":[{"href":"https:\/\/lotte-bibliothek.org\/index.php?rest_route=%2Fwp%2Fv2%2Fmedia&parent=37"}],"curies":[{"name":"wp","href":"https:\/\/api.w.org\/{rel}","templated":true}]}}